{"id":7,"date":"2014-04-25T14:41:43","date_gmt":"2014-04-25T05:41:43","guid":{"rendered":"http:\/\/waseda-bk.org\/jp\/?page_id=7"},"modified":"2020-06-26T14:37:27","modified_gmt":"2020-06-26T05:37:27","slug":"%e5%ad%a6%e6%a0%a1%e7%b4%b9%e4%bb%8b%ef%bc%88%e6%89%80%e5%9c%a8%e5%9c%b0%ef%bc%89","status":"publish","type":"page","link":"https:\/\/waseda-bk.org\/vn\/?page_id=7","title":{"rendered":"Gi\u1edbi thi\u1ec7u tr\u01b0\u1eddng h\u1ecdc"},"content":{"rendered":"<h2>Gi\u1edbi thi\u1ec7u Tr\u01b0\u1eddng h\u1ecdc (\u0110\u1ecba \u0111i\u1ec3m)<br \/>\n\uff5eM\u00f4i tr\u01b0\u1eddng h\u1ecdc t\u1eadp \u0111\u01b0\u1ee3c bao quanh b\u1edfi m\u1ed9t Asakusa truy\u1ec1n th\u1ed1ng v\u00e0 Akihabara v\u1edbi phim ho\u1ea1t h\u00ecnh,ph\u1ed1 v\u0103n ph\u00f2ng c\u1eadn \u0111\u1ea1i\uff5e<\/h2>\n<h5>\u00a0<strong>V\u1ecb tr\u00ed tr\u01b0\u1eddng h\u1ecdc<\/strong><a href=\"http:\/\/waseda-bk.org\/vn\/wp-content\/uploads\/2014\/04\/1-2.jpg\"><br \/>\n<\/a><a href=\"http:\/\/waseda-bk.org\/vn\/wp-content\/uploads\/2014\/04\/1-4.jpg\"><img decoding=\"async\" loading=\"lazy\" class=\"alignright wp-image-99 size-full\" src=\"http:\/\/waseda-bk.org\/vn\/wp-content\/uploads\/2014\/04\/1-4.jpg\" alt=\"1-4\" width=\"98\" height=\"129\" \/><\/a><\/h5>\n<p><a href=\"http:\/\/waseda-bk.org\/vn\/wp-content\/uploads\/2014\/04\/wb01-02kaminari-e1407098631767.jpg\"><img decoding=\"async\" loading=\"lazy\" class=\"alignright wp-image-609 size-full\" src=\"http:\/\/waseda-bk.org\/vn\/wp-content\/uploads\/2014\/04\/wb01-02kaminari-e1407098631767.jpg\" alt=\"wb01-02kaminari\" width=\"193\" height=\"95\" \/><\/a>Tr\u01b0\u1eddng Waseda Bunkakan n\u1eb1m trong Qu\u1eadn Taitou c\u1ee7a Th\u00e0nh ph\u1ed1 Tokyo.<\/p>\n<p><a href=\"http:\/\/waseda-bk.org\/vn\/wp-content\/uploads\/2014\/04\/1-2.jpg\"><img decoding=\"async\" loading=\"lazy\" class=\"alignright wp-image-97 size-full\" src=\"http:\/\/waseda-bk.org\/vn\/wp-content\/uploads\/2014\/04\/1-2.jpg\" alt=\"1-2\" width=\"128\" height=\"95\" \/><\/a><a href=\"http:\/\/waseda-bk.org\/vn\/wp-content\/uploads\/2014\/04\/wb01-01akiba-e1407099590812.jpg\"><img decoding=\"async\" loading=\"lazy\" class=\"alignright wp-image-610 size-full\" src=\"http:\/\/waseda-bk.org\/vn\/wp-content\/uploads\/2014\/04\/wb01-01akiba-e1407099590812.jpg\" alt=\"wb01-01akiba\" width=\"127\" height=\"95\" \/><\/a>T\u1eeb ph\u1ed1 ho\u1ea1t h\u00ecnh Akihabara \u0111i b\u1ed9 10 ph\u00fat,t\u1eeb ga Asakusabashi tuy\u1ebfn JR soubu hay tuy\u1ebfn Toeichikatetsu Asakusa \u0111i b\u1ed9 5 ph\u00fat.V\u1ecb tr\u00ed t\u1ea1i khu v\u1ef1c k\u1ebft h\u1ee3p c\u1ee7a v\u0103n h\u00f3a truy\u1ec1n th\u1ed1ng v\u1edbi ph\u1ed1 v\u0103n ph\u00f2ng c\u1eadn \u0111\u1ea1i.<\/p>\n<h2><strong>Waseda Bunkakan v\u00e0 s\u1ef1 thay \u0111\u1ed5i h\u00ecnh \u1ea3nh Tr\u01b0\u1eddng nh\u1eadt ng\u1eef.<\/strong><\/h2>\n<h5>\u00a0<strong>Thi\u1ebft b\u1ecb,m\u00f4i tr\u01b0\u1eddng h\u1ecdc tho\u1ea3i m\u00e1i<\/strong><\/h5>\n<p>Tr\u01b0\u1eddng h\u1ecdc 1000 \u33a1 d\u1eabn \u0111\u1ea7u to\u00e0n qu\u1ed1c<\/p>\n<p>C\u00f3 th\u1ec3 h\u1ecdc ti\u1ebfng Nh\u1eadt t\u1ea1i m\u00f4i tr\u01b0\u1eddng h\u1ecdc t\u1eadp tho\u1ea3i m\u00e1i v\u1edbi ph\u00f2ng m\u00e1y t\u00ednh hay nh\u00e0 \u0103n.Waseda Bunkakan \u0111\u00e3 thay \u0111\u1ed5i h\u00ecnh \u1ea3nh ch\u1eb7t h\u1eb9p c\u1ee7a tr\u01b0\u1eddng Nh\u1eadt ng\u1eef.<\/p>\n<p>(<strong>Th\u1ee9 t\u1ef1 t\u1eeb tr\u00e1i Nh\u00e0 A, B, C<\/strong>\uff09<\/p>\n<p><a href=\"http:\/\/waseda-bk.org\/vn\/wp-content\/uploads\/2014\/04\/wb01-a-e1407099686520.jpg\"><img decoding=\"async\" loading=\"lazy\" class=\"alignleft wp-image-627 size-full\" src=\"http:\/\/waseda-bk.org\/vn\/wp-content\/uploads\/2014\/04\/wb01-a-e1407099686520.jpg\" alt=\"wb01-a\" width=\"130\" height=\"196\" \/><\/a><a href=\"http:\/\/waseda-bk.org\/vn\/wp-content\/uploads\/2014\/04\/wb01-b-e1407099146704.jpg\"><img decoding=\"async\" loading=\"lazy\" class=\"alignleft size-full wp-image-611\" src=\"http:\/\/waseda-bk.org\/vn\/wp-content\/uploads\/2014\/04\/wb01-b-e1407099146704.jpg\" alt=\"wb01-b\" width=\"180\" height=\"120\" \/><\/a><a href=\"http:\/\/waseda-bk.org\/vn\/wp-content\/uploads\/2014\/04\/wb01-c-e1407099716539.jpg\"><img decoding=\"async\" loading=\"lazy\" class=\"alignleft wp-image-612 size-full\" src=\"http:\/\/waseda-bk.org\/vn\/wp-content\/uploads\/2014\/04\/wb01-c-e1407099716539.jpg\" alt=\"wb01-c\" width=\"130\" height=\"196\" \/><\/a><\/p>\n<table style=\"width: 477px; height: 176px;\" border=\"0\" width=\"456\">\n<tbody>\n<tr>\n<td><a href=\"http:\/\/waseda-bk.org\/vn\/wp-content\/uploads\/2014\/04\/1920141_667895019940132_663832238_n-e1398636203976.jpg\"><img decoding=\"async\" loading=\"lazy\" class=\"alignnone wp-image-423 size-full\" src=\"http:\/\/waseda-bk.org\/vn\/wp-content\/uploads\/2014\/04\/1920141_667895019940132_663832238_n-e1398636203976.jpg\" alt=\"1920141_667895019940132_663832238_n\" width=\"200\" height=\"150\" \/><\/a>\u00a0\u00a0\u00a0\u00a0 \u00a0<a href=\"http:\/\/waseda-bk.org\/vn\/wp-content\/uploads\/2014\/04\/singaku-e1398796795770.jpg\"><img decoding=\"async\" loading=\"lazy\" class=\"alignnone wp-image-489 size-full\" src=\"http:\/\/waseda-bk.org\/vn\/wp-content\/uploads\/2014\/04\/singaku-e1398796795770.jpg\" alt=\"singaku\" width=\"200\" height=\"150\" \/><\/a><br \/>\nNh\u00e0 \u0103n\u3000\u2191\u00a0\u3000\u3000\u3000\u3000\u3000\u3000\u3000\u3000\u3000\u3000\u3000\u3000\u3000\u3000\u3000\u3000\u3000\u3000\u3000\u2191<br \/>\nGi\u00e1o vi\u00ean tr\u01b0\u1eddng \u0110\u1ea1i h\u1ecdc Waseda \u0111\u1ebfn tr\u01b0\u1eddng thuy\u1ebft tr\u00ecnh v\u1ec1 h\u1ecdc l\u00ean \u0111ai h\u1ecdc<\/td>\n<\/tr>\n<\/tbody>\n<\/table>\n<p>Ph\u00f2ng m\u00e1y t\u00ednh\u00a0\u00a0\u00a0\u00a0\u00a0\u00a0\u00a0\u00a0\u00a0\u00a0\u00a0\u00a0\u00a0\u00a0\u00a0\u00a0\u00a0\u00a0\u00a0\u00a0\u00a0\u00a0 \u3000\u3000 Nh\u00e0 \u0103n<\/p>\n<p><img decoding=\"async\" loading=\"lazy\" class=\"alignleft wp-image-92 size-full\" src=\"http:\/\/waseda-bk.org\/vn\/wp-content\/uploads\/2014\/04\/1-6-e1398605231374.jpg\" alt=\"1-6\" width=\"162\" height=\"122\" \/>\u3000\u3000<a href=\"http:\/\/waseda-bk.org\/vn\/wp-content\/uploads\/2014\/04\/1-8.jpg\"><img decoding=\"async\" loading=\"lazy\" class=\"alignleft wp-image-94 size-full\" src=\"http:\/\/waseda-bk.org\/vn\/wp-content\/uploads\/2014\/04\/1-8.jpg\" alt=\"1-8\" width=\"162\" height=\"122\" \/><\/a><\/p>\n<p>Ph\u00f2ng t\u1ef1 h\u1ecdc\u3000\u3000\u3000\u3000\u3000\u3000\u3000\u3000\u00a0\u00a0\u00a0 Nh\u00e0 \u0103n<\/p>\n<p><a href=\"http:\/\/waseda-bk.org\/vn\/wp-content\/uploads\/2014\/04\/1-5.jpg\"><img decoding=\"async\" loading=\"lazy\" class=\"alignleft wp-image-91 size-full\" src=\"http:\/\/waseda-bk.org\/vn\/wp-content\/uploads\/2014\/04\/1-5.jpg\" alt=\"1-5\" width=\"157\" height=\"116\" \/><\/a><a href=\"http:\/\/waseda-bk.org\/jp\/wp-content\/uploads\/2014\/04\/84c742220d72776c4ee80891addaa75b-e1399631215462.jpg\"><img decoding=\"async\" loading=\"lazy\" class=\"alignleft wp-image-561 size-full\" src=\"http:\/\/waseda-bk.org\/vn\/wp-content\/uploads\/2014\/04\/84c742220d72776c4ee80891addaa75b-e1407099898358.jpg\" alt=\"\u30e9\u30a6\u30f3\u30b8\" width=\"155\" height=\"116\" \/><\/a><a href=\"http:\/\/waseda-bk.org\/vn\/wp-content\/uploads\/2014\/04\/84c742220d72776c4ee80891addaa75b-e1407099898358.jpg\"><br \/>\n<\/a><\/p>\n<p><a href=\"http:\/\/waseda-bk.org\/vn\/wp-content\/uploads\/2014\/04\/1-9.jpg\">\u00a0<\/a><\/p>\n<p>111-0052<br \/>\nWaseda bunkakan Japanese Language Course<br \/>\n2-18-9 yanagibashi,Taito-ku,Tokyo,<br \/>\nJapan<\/p>\n<p>TEL: 03-3863-4111<br \/>\nFAX: 03-3863-4112<br \/>\nE-mail: info\u2605waseda-bk.org \u00a0(H\u00e3y thay \u2605 b\u1eb1ng @ )<\/p>\n<p>T\u1eeb ga \u300cAsakusabashi\u300d\u00a0tuy\u1ebfn JR soubu hay tuy\u1ebfn Toeichikatetsu Asakusa\u00a0\u00a0 5 ph\u00fat \u0111i b\u1ed9.<\/p>\n<div id=\"cc-m-6094183115\" class=\"n j-header\">\n<h5 id=\"cc-m-header-6094183115\">B\u1ea3n \u0111\u1ed3<\/h5>\n<p><a href=\"http:\/\/waseda-bk.org\/vn\/wp-content\/uploads\/2014\/04\/chizu-waseda.jpg\"><img decoding=\"async\" loading=\"lazy\" class=\"alignleft wp-image-645 size-full\" src=\"http:\/\/waseda-bk.org\/vn\/wp-content\/uploads\/2014\/04\/chizu-waseda.jpg\" alt=\"chizu-waseda\" width=\"500\" height=\"283\" srcset=\"https:\/\/waseda-bk.org\/vn\/wp-content\/uploads\/2014\/04\/chizu-waseda.jpg 500w, https:\/\/waseda-bk.org\/vn\/wp-content\/uploads\/2014\/04\/chizu-waseda-300x169.jpg 300w\" sizes=\"(max-width: 500px) 100vw, 500px\" \/><\/a><\/p>\n<\/div>\n<div id=\"cc-m-3663721615\" class=\"n j-textWithImage\"><\/div>\n<div id=\"cc-m-6047302915\" class=\"n j-imageSubtitle\"><\/div>\n<h5>C\u00e1ch \u0111i t\u1eeb s\u00e2n bay Narita<br \/>\n\uff08B\u1ea3n \u0111\u1ed3 tuy\u1ebfn \u0111\u01b0\u1eddng\u00a0\u00a0 \u0111ang chu\u1ea9n b\u1ecb\uff09<\/h5>\n","protected":false},"excerpt":{"rendered":"<p>Gi\u1edbi thi\u1ec7u Tr\u01b0\u1eddng h\u1ecdc (\u0110\u1ecba \u0111i\u1ec3m) \uff5eM\u00f4i tr\u01b0\u1eddng h\u1ecdc t\u1eadp \u0111\u01b0\u1ee3c bao quanh b\u1edfi m\u1ed9t Asakusa truy\u1ec1n th\u1ed1ng v\u00e0 Akihabara  [&hellip;]<\/p>\n","protected":false},"author":1,"featured_media":0,"parent":0,"menu_order":2,"comment_status":"closed","ping_status":"closed","template":"","meta":{"vkexunit_cta_each_option":""},"_links":{"self":[{"href":"https:\/\/waseda-bk.org\/vn\/index.php?rest_route=\/wp\/v2\/pages\/7"}],"collection":[{"href":"https:\/\/waseda-bk.org\/vn\/index.php?rest_route=\/wp\/v2\/pages"}],"about":[{"href":"https:\/\/waseda-bk.org\/vn\/index.php?rest_route=\/wp\/v2\/types\/page"}],"author":[{"embeddable":true,"href":"https:\/\/waseda-bk.org\/vn\/index.php?rest_route=\/wp\/v2\/users\/1"}],"replies":[{"embeddable":true,"href":"https:\/\/waseda-bk.org\/vn\/index.php?rest_route=%2Fwp%2Fv2%2Fcomments&post=7"}],"version-history":[{"count":8,"href":"https:\/\/waseda-bk.org\/vn\/index.php?rest_route=\/wp\/v2\/pages\/7\/revisions"}],"predecessor-version":[{"id":921,"href":"https:\/\/waseda-bk.org\/vn\/index.php?rest_route=\/wp\/v2\/pages\/7\/revisions\/921"}],"wp:attachment":[{"href":"https:\/\/waseda-bk.org\/vn\/index.php?rest_route=%2Fwp%2Fv2%2Fmedia&parent=7"}],"curies":[{"name":"wp","href":"https:\/\/api.w.org\/{rel}","templated":true}]}}