{"id":23,"date":"2014-04-25T14:45:52","date_gmt":"2014-04-25T05:45:52","guid":{"rendered":"http:\/\/waseda-bk.org\/jp\/?page_id=23"},"modified":"2025-07-08T11:31:39","modified_gmt":"2025-07-08T02:31:39","slug":"%ef%bc%99%ef%bc%8e%e5%ad%a6%e8%b2%bb%e7%ad%89","status":"publish","type":"page","link":"https:\/\/waseda-bk.org\/vn\/?page_id=23","title":{"rendered":"H\u1ecdc ph\u00ed"},"content":{"rendered":"<h2><strong>H\u1ecdc ph\u00ed<\/strong><\/h2>\n<h5>\u25cf\u3000D\u00e0i h\u1ea1n<\/h5>\n<h5>(Ph\u1ea7n 1 n\u0103m) \uff0a C\u00f3 th\u1ec3 theo h\u1ecdc d\u00e0i nh\u1ea5t 2 n\u0103m<\/h5>\n<p>D\u01b0\u1edbi \u0111\u00e2y l\u00e0 ti\u1ec1n h\u1ecdc ph\u00ed c\u1ee7a h\u1ecdc sinh t\u1eeb kh\u00f3a th\u00e1ng 1 n\u0103m 2023<\/p>\n<table style=\"border-collapse: collapse; width: 38.0583%; height: 430px;\">\n<tbody>\n<tr style=\"height: 47px;\">\n<td style=\"width: 50%; height: 47px;\">Ph\u00ed x\u00e9t tuy\u1ec3n<\/td>\n<td style=\"width: 50%; height: 47px;\">30,000 y\u00ean<\/td>\n<\/tr>\n<tr style=\"height: 47px;\">\n<td style=\"width: 50%; height: 47px;\">Ph\u00ed nh\u1eadp h\u1ecdc<\/td>\n<td style=\"width: 50%; height: 47px;\">70,000 y\u00ean<\/td>\n<\/tr>\n<tr style=\"height: 47px;\">\n<td style=\"width: 50%; height: 47px;\">H\u1ecdc ph\u00ed 1 n\u0103m<\/td>\n<td style=\"width: 50%; height: 47px;\">740,000 y\u00ean<\/td>\n<\/tr>\n<tr style=\"height: 65px;\">\n<td style=\"width: 50%; height: 65px;\">Ph\u00ed ho\u1ea1t \u0111\u1ed9ng ngo\u1ea1i kh\u00f3a 1 n\u0103m<\/td>\n<td style=\"width: 50%; height: 65px;\">30,000 y\u00ean<\/td>\n<\/tr>\n<tr style=\"height: 65px;\">\n<td style=\"width: 50%; height: 65px;\">Ti\u1ec1n s\u00e1ch gi\u00e1o khoa 1 n\u0103m<\/td>\n<td style=\"width: 50%; height: 65px;\">20,000 y\u00ean<\/td>\n<\/tr>\n<tr style=\"height: 47px;\">\n<td style=\"width: 50%; height: 47px;\">B\u1ea3o hi\u1ec3m h\u1ecdc sinh<\/td>\n<td style=\"width: 50%; height: 47px;\">10,000 y\u00ean<\/td>\n<\/tr>\n<tr style=\"height: 65px;\">\n<td style=\"width: 50%; height: 65px;\">Ti\u1ec1n chuy\u1ec3n kho\u1ea3ng qu\u1ed1c t\u1ebf<\/td>\n<td style=\"width: 50%; height: 65px;\">4,000 y\u00ean<\/td>\n<\/tr>\n<tr style=\"height: 47px;\">\n<td style=\"width: 50%; height: 47px;\"><span data-teams=\"true\">C\u01a1 s\u1edf v\u1eadt ch\u1ea5t<\/span><\/td>\n<td style=\"width: 50%; height: 47px;\">30,000 <span data-teams=\"true\">y\u00ean<\/span><\/td>\n<\/tr>\n<\/tbody>\n<\/table>\n<p><span data-teams=\"true\">\u00a0 \u00a0T\u1ed5ng c\u1ed9ng\u00a0 \u00a0 \u00a0 \u00a0 \u00a0 \u00a0 \u00a0 934,000 y\u00ean<\/span><\/p>\n<p>\u30fbS\u1ed1 Ti\u1ec1n ghi tr\u00ean bao g\u1ed3m c\u1ea3 thu\u1ebf ti\u00eau d\u00f9ng.<\/p>\n<p>\u30fbT\u1ea5t c\u1ea3 c\u00e1c h\u1ecdc vi\u00ean tr\u01b0\u1eddng Waseda Bunkakan khi t\u1ed1t nghi\u1ec7p th\u00ec s\u1ebd n\u1ed9p cho c\u1ee5c xu\u1ea5t nh\u1eadp c\u1ea3nh ch\u1ee9ng ch\u1ec9 x\u00e1c nh\u1eadn n\u0103ng l\u1ef1c ti\u1ebfng Nh\u1eadt\u3002V\u00ec c\u1ee5c xu\u1ea5t nh\u1eadp c\u1ea3nh y\u00eau c\u1ea7u ch\u1ee9ng ch\u1ec9 CEFR\u30fbA2 tr\u1edf l\u00ean n\u00ean tr\u01b0\u1edbc khi t\u1ed1t nghi\u1ec7p c\u00e1c h\u1ecdc vi\u00ean ph\u1ea3i tham gia c\u00e1c cu\u1ed9c thi n\u0103ng l\u1ef1c ti\u1ebfng Nh\u1eadt (t\u1ef1 ch\u1ecbu chi ph\u00ed )\u3002<\/p>\n<p>\u30fbH\u1ecdc ph\u00ed \u0111\u00e3 \u0111\u00f3ng s\u1ebd kh\u00f4ng th\u1ec3 l\u1ea5y l\u1ea1i.<\/p>\n<h5><strong>\u25cf\u3000Ng\u1eafn h\u1ea1n<\/strong><\/h5>\n<p>(3 th\u00e1ng)<br \/>\nTi\u1ec1n nh\u1eadp h\u1ecdc 30,000 y\u00ean (Tr\u01b0\u1eddng h\u1ee3p c\u00f3 ng\u01b0\u1eddi b\u1ea3o l\u00e3nh t\u1ea1i Nh\u1eadt B\u1ea3n s\u1ebd \u0111\u01b0\u1ee3c mi\u1ec5n gi\u1ea3m. \u203b K\u1ec3 c\u1ea3 kh\u00f4ng ph\u1ea3i qu\u1ed1c t\u1ecbch Nh\u1eadt).<br \/>\nTi\u1ec1n h\u1ecdc ph\u00ed: 155,000 y\u00ean.<\/p>\n<p>\u30fbKho\u1ea3n ti\u1ec1n ghi tr\u00ean \u0111\u00e3 bao g\u1ed3m thu\u1ebf ti\u00eau d\u00f9ng.<br \/>\n\u30fbCh\u01b0a bao g\u1ed3m ph\u00ed ho\u1ea1t \u0111\u1ed9ng ngo\u1ea1i kho\u00e1.<br \/>\n\u30fbPh\u00ed d\u1ee5ng \u0111\u00e3 \u0111\u00f3ng s\u1ebd kh\u00f4ng th\u1ec3 l\u1ea5y l\u1ea1i.<\/p>\n<p>\uff081 th\u00e1ng\uff09<br \/>\nTi\u1ec1n nh\u1eadp h\u1ecdc 10,000 y\u00ean (Tr\u01b0\u1eddng h\u1ee3p c\u00f3 ng\u01b0\u1eddi b\u1ea3o l\u00e3nh t\u1ea1i Nh\u1eadt B\u1ea3n s\u1ebd \u0111\u01b0\u1ee3c mi\u1ec5n gi\u1ea3m. \u203b K\u1ec3 c\u1ea3 kh\u00f4ng ph\u1ea3i qu\u1ed1c t\u1ecbch Nh\u1eadt).<br \/>\nTi\u1ec1n h\u1ecdc ph\u00ed: 55,000 y\u00ean.<\/p>\n<p>\u30fbKho\u1ea3n ti\u1ec1n ghi tr\u00ean \u0111\u00e3 bao g\u1ed3m thu\u1ebf ti\u00eau d\u00f9ng.<br \/>\n\u30fbCh\u01b0a bao g\u1ed3m ph\u00ed ho\u1ea1t \u0111\u1ed9ng ngo\u1ea1i kho\u00e1.<br \/>\n\u30fbPh\u00ed d\u1ee5ng \u0111\u00e3 \u0111\u00f3ng s\u1ebd kh\u00f4ng th\u1ec3 l\u1ea5y l\u1ea1i.<\/p>\n","protected":false},"excerpt":{"rendered":"<p>H\u1ecdc ph\u00ed \u25cf\u3000D\u00e0i h\u1ea1n (Ph\u1ea7n 1 n\u0103m) \uff0a C\u00f3 th\u1ec3 theo h\u1ecdc d\u00e0i nh\u1ea5t 2 n\u0103m D\u01b0\u1edbi \u0111\u00e2y l\u00e0 ti\u1ec1n h\u1ecdc ph\u00ed c\u1ee7a h\u1ecdc sinh t\u1eeb kh\u00f3a  [&hellip;]<\/p>\n","protected":false},"author":1,"featured_media":0,"parent":943,"menu_order":11,"comment_status":"closed","ping_status":"closed","template":"","meta":{"vkexunit_cta_each_option":""},"_links":{"self":[{"href":"https:\/\/waseda-bk.org\/vn\/index.php?rest_route=\/wp\/v2\/pages\/23"}],"collection":[{"href":"https:\/\/waseda-bk.org\/vn\/index.php?rest_route=\/wp\/v2\/pages"}],"about":[{"href":"https:\/\/waseda-bk.org\/vn\/index.php?rest_route=\/wp\/v2\/types\/page"}],"author":[{"embeddable":true,"href":"https:\/\/waseda-bk.org\/vn\/index.php?rest_route=\/wp\/v2\/users\/1"}],"replies":[{"embeddable":true,"href":"https:\/\/waseda-bk.org\/vn\/index.php?rest_route=%2Fwp%2Fv2%2Fcomments&post=23"}],"version-history":[{"count":14,"href":"https:\/\/waseda-bk.org\/vn\/index.php?rest_route=\/wp\/v2\/pages\/23\/revisions"}],"predecessor-version":[{"id":995,"href":"https:\/\/waseda-bk.org\/vn\/index.php?rest_route=\/wp\/v2\/pages\/23\/revisions\/995"}],"up":[{"embeddable":true,"href":"https:\/\/waseda-bk.org\/vn\/index.php?rest_route=\/wp\/v2\/pages\/943"}],"wp:attachment":[{"href":"https:\/\/waseda-bk.org\/vn\/index.php?rest_route=%2Fwp%2Fv2%2Fmedia&parent=23"}],"curies":[{"name":"wp","href":"https:\/\/api.w.org\/{rel}","templated":true}]}}