{"id":210,"date":"2014-04-26T14:15:40","date_gmt":"2014-04-26T05:15:40","guid":{"rendered":"http:\/\/waseda-bk.org\/jp\/?page_id=210"},"modified":"2020-06-30T10:24:50","modified_gmt":"2020-06-30T01:24:50","slug":"%e4%b8%80%e8%88%ac%e3%82%b3%e3%83%bc%e3%82%b9","status":"publish","type":"page","link":"https:\/\/waseda-bk.org\/vn\/?page_id=210","title":{"rendered":"Kh\u00f3a h\u1ecdc c\u01a1 b\u1ea3n"},"content":{"rendered":"<h2><strong>Kh\u00f3a h\u1ecdc c\u01a1 b\u1ea3n<\/strong><br \/>\n\uff5e<strong>c\u00f3 th\u1ec3 l\u1ef1a ch\u1ecdn 3 ki\u1ec3u kh\u00f3a h\u1ecdc \u0111\u1ec3 ph\u00f9 h\u1ee3p v\u1edbi m\u1ee5c \u0111\u00edch, nh\u01b0 Kinh doanh<\/strong>\uff5e<\/h2>\n<h3><a href=\"http:\/\/waseda-bk.org\/vn\/wp-content\/uploads\/2014\/04\/jugyo2-e1398794462836.jpg\"><img decoding=\"async\" loading=\"lazy\" class=\"alignright size-full wp-image-487\" src=\"http:\/\/waseda-bk.org\/vn\/wp-content\/uploads\/2014\/04\/jugyo2-e1398794462836.jpg\" alt=\"jugyo2\" width=\"200\" height=\"150\" \/><\/a><a href=\"http:\/\/waseda-bk.org\/vn\/wp-content\/uploads\/2014\/04\/wb03-01-e1407100578944.jpg\"><img decoding=\"async\" loading=\"lazy\" class=\"alignright wp-image-616 size-full\" src=\"http:\/\/waseda-bk.org\/vn\/wp-content\/uploads\/2014\/04\/wb03-01-e1407100578944.jpg\" alt=\"wb03-01\" width=\"155\" height=\"150\" \/><\/a><strong>Kh\u00f3a h\u1ecdc c\u01a1 b\u1ea3n<\/strong><\/h3>\n<p>D\u00e0nh cho c\u00e1c b\u1ea1n mu\u1ed1n t\u00ecm hi\u1ec3u s\u00e2u h\u01a1n v\u1ec1 v\u0103n h\u00f3a Nh\u1eadt, mu\u1ed1n l\u00e0m vi\u1ec7c t\u1ea1i c\u00f4ng ty Nh\u1eadt, mu\u1ed1n n\u00e2ng cao k\u0129 n\u0103ng ti\u1ebfng Nh\u1eadt,hay tr\u01b0\u1edbc khi \u0111i du h\u1ecdc d\u00e0i mu\u1ed1n h\u1ecdc ng\u1eafn h\u1ea1n, l\u00e0 kh\u00f3a h\u1ecdc ngo\u00e0i m\u1ee5c \u0111\u00edch ti\u1ebfn h\u1ecdc.<\/p>\n<h5>3 kh\u00f3a h\u1ecdc c\u01a1 b\u1ea3n s\u1ebd gi\u00fap b\u1ea1n \u0111\u1ea1t t\u1edbi m\u1ee5c \u0111\u00edch c\u1ee7a m\u00ecnh<\/h5>\n<p>\u30fbKh\u00f3a h\u1ecdc v\u0103n h\u00f3a Nh\u1eadt B\u1ea3n.<br \/>\n\u30fbKh\u00f3a h\u1ecdc Kinh doanh.<br \/>\n\u30fbKh\u00f3a h\u1ecdc cho c\u00e1c b\u1ea1n Visa ng\u1eafn h\u1ea1n.<\/p>\n<h4>\u00a0Kh\u00f3a h\u1ecdc v\u0103n h\u00f3a Nh\u1eadt B\u1ea3n<a href=\"http:\/\/waseda-bk.org\/vn\/wp-content\/uploads\/2014\/04\/2-1-2501-e1398796049159.jpg\"><img decoding=\"async\" loading=\"lazy\" class=\"alignright wp-image-509 size-full\" src=\"http:\/\/waseda-bk.org\/vn\/wp-content\/uploads\/2014\/04\/2-1-2501-e1398796049159.jpg\" alt=\"2-1-250\" width=\"208\" height=\"150\" \/><\/a><\/h4>\n<p>L\u00e0 kh\u00f3a h\u1ecdc cho c\u00e1c b\u1ea1n kh\u00f4ng c\u00f3 m\u1ee5c \u0111\u00edch h\u1ecdc l\u00ean \u0110\u1ea1i h\u1ecdc,hay l\u00e0m vi\u1ec7c t\u1ea1i Nh\u1eadt,d\u00e0nh cho ng\u01b0\u1eddi mu\u1ed1n v\u1eeba h\u1ecdc ti\u1ebfng Nh\u1eadt v\u1eeba t\u00ecm hi\u1ec3u v\u0103n h\u00f3a Nh\u1eadt B\u1ea3n.M\u1ed9t tr\u1ea3i nghi\u1ec7m s\u00e2u s\u1eafc v\u1ec1 Nh\u1eadt b\u1ea3n m\u00e0 ch\u1ec9 \u0111i du l\u1ecbch hay h\u1ecdc ti\u1ebfng Nh\u1eadt \u0111\u01a1n thu\u1ea7n s\u1ebd kh\u00f4ng th\u1ec3 t\u00ecm th\u1ea5y \u0111\u01b0\u1ee3c.<\/p>\n<p>\u0110\u1ed1i t\u01b0\u1ee3ng:<br \/>\nKh\u00f3a h\u1ecdc v\u0103n h\u00f3a Nh\u1eadt B\u1ea3n 1: Ng\u01b0\u1eddi c\u00f3 tr\u00ecnh \u0111\u1ed9 ti\u1ebfng Nh\u1eadt kho\u1ea3ng N3.<br \/>\nKh\u00f3a h\u1ecdc v\u0103n h\u00f3a Nh\u1eadt B\u1ea3n 2: Ng\u01b0\u1eddi c\u00f3 tr\u00ecnh \u0111\u1ed9 ti\u1ebfng Nh\u1eadt kho\u1ea3ng N2.<\/p>\n<p>Visa:Du h\u1ecdc, Du l\u1ecbch, Lao \u0111\u1ed9ng, Visa theo gia \u0111\u00ecnh, th\u1eddi h\u1ea1n l\u01b0u tr\u00fa ng\u1eafn.<br \/>\nTh\u1eddi gian \u0111\u00e0o t\u1ea1o: 3 th\u00e1ng \u0111\u1ebfn 1 n\u0103m.<\/p>\n<table style=\"height: 129px;\" width=\"601\">\n<tbody>\n<tr>\n<td width=\"116\"><strong>\u00a0<\/strong><\/td>\n<td style=\"text-align: center;\" width=\"116\">Th\u1ee9 2<\/td>\n<td style=\"text-align: center;\" width=\"116\">Th\u1ee9 3<\/td>\n<td style=\"text-align: center;\" width=\"116\">Th\u1ee9 4<\/td>\n<td style=\"text-align: center;\" width=\"116\">Th\u1ee9 5<\/td>\n<td style=\"text-align: center;\" width=\"116\">Th\u1ee9 6<\/td>\n<\/tr>\n<tr>\n<td width=\"116\">Ti\u1ebft 1<\/td>\n<td style=\"text-align: center;\" width=\"116\">T\u1eeb v\u1ef1ng<\/td>\n<td style=\"text-align: center;\" width=\"116\">T\u1eeb v\u1ef1ng<\/td>\n<td style=\"text-align: center;\" rowspan=\"4\" width=\"116\"><span style=\"color: #0000ff;\">Ho\u1ea1t \u0111\u1ed9ng <\/span><\/p>\n<p><span style=\"color: #0000ff;\">ngo\u1ea1i kh\u00f3a<\/span><\/td>\n<td style=\"text-align: center;\" width=\"116\">T\u1eeb v\u1ef1ng<\/td>\n<td rowspan=\"4\" width=\"116\"><span style=\"color: #0000ff;\">Ti\u1ebfng Nh\u1eadt\u00a0<\/span><span style=\"color: #0000ff;\">Ho\u1ea1t \u0111\u1ed9ng th\u1ef1c h\u00e0nh<\/span><\/td>\n<\/tr>\n<tr>\n<td width=\"116\">Ti\u1ebft 2<\/td>\n<td style=\"text-align: center;\" rowspan=\"3\" width=\"116\">\n<p style=\"text-align: center;\"><span style=\"color: #0000ff;\">Phim \u1ea3nh<\/span><\/p>\n<p style=\"text-align: center;\"><span style=\"color: #0000ff;\"> ti\u1ec3u \u00a0\u00a0\u00a0thuy\u1ebft<\/span><\/p>\n<\/td>\n<td style=\"text-align: center;\" width=\"116\">Luy\u1ec7n nghe<\/td>\n<td style=\"text-align: center;\" width=\"116\">Ng\u1eef ph\u00e1p<\/td>\n<\/tr>\n<tr>\n<td width=\"116\">Ti\u1ebft 3<\/td>\n<td style=\"text-align: center;\" width=\"116\">Ng\u1eef ph\u00e1p<\/td>\n<td style=\"text-align: center;\" rowspan=\"2\" width=\"116\">Ti\u1ebft h\u1ecdc l\u1ef1a ch\u1ecdn<\/td>\n<\/tr>\n<tr>\n<td width=\"116\">Ti\u1ebft 4<\/td>\n<td style=\"text-align: center;\" width=\"116\">\u0110\u1ecdc hi\u1ec3u<\/td>\n<\/tr>\n<\/tbody>\n<\/table>\n<h4>Kh\u00f3a h\u1ecdc kinh doanh<\/h4>\n<p><a href=\"http:\/\/waseda-bk.org\/vn\/wp-content\/uploads\/2014\/04\/b-01.jpg\"><img decoding=\"async\" loading=\"lazy\" class=\"alignright wp-image-544 size-full\" src=\"http:\/\/waseda-bk.org\/vn\/wp-content\/uploads\/2014\/04\/b-01.jpg\" alt=\"b-01\" width=\"211\" height=\"150\" \/><\/a>Kho\u00e1 h\u1ecdc cho c\u00e1c b\u1ea1n sau khi t\u1ed1t nghi\u1ec7p t\u1ea1i Waseda bunkakan mu\u1ed1n v\u00e0o l\u00e0m vi\u1ec7c t\u1ea1i c\u00f4ng ty c\u1ee7a Nh\u1eadt t\u1ea1i Nh\u1eadt b\u1ea3n ho\u1eb7c \u0111\u1ea5t n\u01b0\u1edbc c\u1ee7a m\u00ecnh hay c\u00e1c b\u1ea1n \u0111\u00e3 \u0111ang l\u00e0m vi\u1ec7c t\u1ea1i c\u00f4ng ty Nh\u1eadt mu\u1ed1n n\u00e2ng cao kh\u1ea3 n\u0103ng ti\u1ebfng Nh\u1eadt.Kh\u00f4ng ch\u1ec9 \u0111\u01a1n thu\u1ea7n h\u1ecdc v\u1ec1 ng\u00f4n t\u1eeb, c\u00e1ch c\u01b0 x\u1eed m\u00e0 c\u00f2n h\u1ecdc v\u1ec1 ho\u1ea1t \u0111\u1ed9ng th\u1ef1c ti\u1ec5n, ph\u01b0\u01a1ng ph\u00e1p gi\u1ea3i quy\u1ebft v\u1ea5n \u0111\u1ec1 t\u1ea1i c\u00f4ng s\u1edf,qua \u0111\u00f3 b\u1ed3i d\u01b0\u1ee1ng n\u0103ng l\u1ef1c gi\u00fap \u00edch khi l\u00e0m vi\u1ec7c t\u1ea1i c\u00f4ng ty Nh\u1eadt.<\/p>\n<p>\u0110\u1ed1i t\u01b0\u1ee3ng:<br \/>\nKho\u00e1 h\u1ecdc Kinh doanh 1: Tr\u00ecnh \u0111\u1ed9 ti\u1ebfng Nh\u1eadt kho\u1ea3ng N3.<br \/>\nKho\u00e1 h\u1ecdc Kinh doanh 2: Tr\u00ecnh \u0111\u1ed9 ti\u1ebfng Nh\u1eadt kho\u1ea3ng N2.<\/p>\n<p>Visa: Du h\u1ecdc, working holiday, Lao \u0111\u1ed9ng, Visa gia \u0111\u00ecnh.<\/p>\n<table style=\"height: 120px;\" width=\"599\">\n<tbody>\n<tr>\n<td width=\"116\"><strong>\u00a0<\/strong><\/td>\n<td style=\"text-align: center;\" width=\"116\">Th\u1ee9 2<\/td>\n<td style=\"text-align: center;\" width=\"116\">Th\u1ee9 3<\/td>\n<td style=\"text-align: center;\" width=\"116\">Th\u1ee9 4<\/td>\n<td style=\"text-align: center;\" width=\"116\">Th\u1ee9 5<\/td>\n<td style=\"text-align: center;\" width=\"116\">Th\u1ee9 6<\/td>\n<\/tr>\n<tr>\n<td width=\"116\">Ti\u1ebft 1<\/td>\n<td style=\"text-align: center;\" width=\"116\">T\u1eeb v\u1ef1ng N1<\/td>\n<td style=\"text-align: center;\" rowspan=\"2\" width=\"116\"><span style=\"color: #0000ff;\">\u1ee8ng x\u1eed trong kinh doanh<\/span><\/td>\n<td style=\"text-align: center;\" width=\"116\">T\u1eeb v\u1ef1ng N1<\/td>\n<td style=\"text-align: center;\" rowspan=\"2\" width=\"116\"><span style=\"color: #0000ff;\">K\u0129 n\u0103ng Kinh Doanh<\/span><\/td>\n<td style=\"text-align: center;\" rowspan=\"2\" width=\"116\"><span style=\"color: #0000ff;\">\u0110\u1ecdc b\u00e1o<\/span><\/p>\n<p><span style=\"color: #0000ff;\">Ki\u1ebfn th\u1ee9c Kinh Doanh<\/span><\/td>\n<\/tr>\n<tr>\n<td width=\"116\">Ti\u1ebft 2<\/td>\n<td style=\"text-align: center;\" width=\"116\">Ng\u1eef ph\u00e1p N1<\/td>\n<td style=\"text-align: center;\" width=\"116\">Ng\u1eef ph\u00e1p N1<\/td>\n<\/tr>\n<tr>\n<td width=\"116\">Ti\u1ebft 3<\/td>\n<td style=\"text-align: center;\" width=\"116\">\u0110\u1ecdc hi\u1ec3u N1<\/td>\n<td style=\"text-align: center;\" rowspan=\"2\" width=\"116\"><span style=\"color: #0000ff;\">\u0110\u1ed1i s\u00e1ch thi <\/span><\/p>\n<p><span style=\"color: #0000ff;\">J-TEST\/BJT<\/span><\/td>\n<td style=\"text-align: center;\" width=\"116\">\u0110\u1ecdc hi\u1ec3u N1<\/td>\n<td style=\"text-align: center;\" rowspan=\"2\" width=\"116\"><span style=\"color: #ff0000;\">Ti\u1ebft h\u1ecdc t\u1ef1 ch\u1ecdn<\/span><\/td>\n<td style=\"text-align: center;\" rowspan=\"2\" width=\"116\"><span style=\"color: #0000ff;\">Ho\u1ea1t \u0111\u1ed9ng xin vi\u1ec7c<\/span><\/td>\n<\/tr>\n<tr>\n<td width=\"116\">Ti\u1ebft 4<\/td>\n<td style=\"text-align: center;\" width=\"116\">Luy\u1ec7n Nghe N1<\/td>\n<td style=\"text-align: center;\" width=\"116\">Luy\u1ec7n nghe N1<\/td>\n<\/tr>\n<\/tbody>\n<\/table>\n<h4>Kho\u00e1 h\u1ecdc ng\u1eafn h\u1ea1n<\/h4>\n<p>L\u00e0 kho\u00e1 h\u1ecdc t\u1eeb 2 tu\u1ea7n \u0111\u1ebfn 3 th\u00e1ng.<br \/>\nKho\u00e1 h\u1ecdc cho c\u00e1c b\u1ea1n trong th\u1eddi gian ng\u1eafn mu\u1ed1n t\u1eadp trung h\u1ecdc ti\u1ebfng Nh\u1eadt,tr\u01b0\u1edbc khi \u0111i du h\u1ecdc d\u00e0i h\u1ea1n mu\u1ed1n tr\u1ea3i nghi\u1ec7m cu\u1ed9c s\u1ed1ng t\u1ea1i Nh\u1eadt.C\u00e1c b\u1ea1n mu\u1ed1n vui v\u1ebb t\u1ea1i Nh\u1eadt,tham gia c\u00e1c s\u1ef1 ki\u1ec7n c\u00f3 kho\u00e1 h\u1ecdc h\u00e8 v\u00e0 \u0111\u00f4ng,c\u00e1c b\u1ea1n mu\u1ed1n t\u1eadp trung h\u1ecdc ti\u1ebfng Nh\u1eadt c\u00f3 kho\u00e1 h\u1ecdc ng\u1eafn h\u1ea1n c\u01a1 b\u1ea3n,c\u00f3 th\u1ec3 l\u1ef1a ch\u1ecdn ph\u00f9 h\u1ee3p v\u1edbi m\u1ee5c \u0111\u00edch c\u1ee7a m\u00ecnh.<br \/>\n\uff0a\u3000Kho\u00e1 h\u1ecdc h\u00e8 v\u00e0 \u0111\u00f4ng, h\u00e3y y\u00eau c\u1ea7u t\u00e0i li\u1ec7u khi c\u00f3 nhu c\u1ea7u.<\/p>\n<p>\u0110\u1ed1i t\u01b0\u1ee3ng: Kh\u00f4ng quan t\u00e2m \u0111\u1ebfn tr\u00ecnh \u0111\u1ed9 ti\u1ebfng Nh\u1eadt,h\u1ecdc v\u1ea5n.<br \/>\nVisa: Du l\u1ecbch, t\u01b0 c\u00e1ch visa ng\u1eafn h\u1ea1n(kho\u1ea3ng 3 th\u00e1ng), Lao \u0111\u1ed9ng, visa gia \u0111\u00ecnh.<\/p>\n","protected":false},"excerpt":{"rendered":"<p>Kh\u00f3a h\u1ecdc c\u01a1 b\u1ea3n \uff5ec\u00f3 th\u1ec3 l\u1ef1a ch\u1ecdn 3 ki\u1ec3u kh\u00f3a h\u1ecdc \u0111\u1ec3 ph\u00f9 h\u1ee3p v\u1edbi m\u1ee5c \u0111\u00edch, nh\u01b0 Kinh doanh\uff5e Kh\u00f3a h\u1ecdc c\u01a1 b\u1ea3n D\u00e0nh [&hellip;]<\/p>\n","protected":false},"author":1,"featured_media":0,"parent":943,"menu_order":4,"comment_status":"closed","ping_status":"closed","template":"","meta":{"vkexunit_cta_each_option":""},"_links":{"self":[{"href":"https:\/\/waseda-bk.org\/vn\/index.php?rest_route=\/wp\/v2\/pages\/210"}],"collection":[{"href":"https:\/\/waseda-bk.org\/vn\/index.php?rest_route=\/wp\/v2\/pages"}],"about":[{"href":"https:\/\/waseda-bk.org\/vn\/index.php?rest_route=\/wp\/v2\/types\/page"}],"author":[{"embeddable":true,"href":"https:\/\/waseda-bk.org\/vn\/index.php?rest_route=\/wp\/v2\/users\/1"}],"replies":[{"embeddable":true,"href":"https:\/\/waseda-bk.org\/vn\/index.php?rest_route=%2Fwp%2Fv2%2Fcomments&post=210"}],"version-history":[{"count":9,"href":"https:\/\/waseda-bk.org\/vn\/index.php?rest_route=\/wp\/v2\/pages\/210\/revisions"}],"predecessor-version":[{"id":968,"href":"https:\/\/waseda-bk.org\/vn\/index.php?rest_route=\/wp\/v2\/pages\/210\/revisions\/968"}],"up":[{"embeddable":true,"href":"https:\/\/waseda-bk.org\/vn\/index.php?rest_route=\/wp\/v2\/pages\/943"}],"wp:attachment":[{"href":"https:\/\/waseda-bk.org\/vn\/index.php?rest_route=%2Fwp%2Fv2%2Fmedia&parent=210"}],"curies":[{"name":"wp","href":"https:\/\/api.w.org\/{rel}","templated":true}]}}