{"id":19,"date":"2014-04-25T14:44:29","date_gmt":"2014-04-25T05:44:29","guid":{"rendered":"http:\/\/waseda-bk.org\/jp\/?page_id=19"},"modified":"2020-06-29T22:03:32","modified_gmt":"2020-06-29T13:03:32","slug":"%ef%bc%97%ef%bc%8e%e5%af%ae%e7%b4%b9%e4%bb%8b","status":"publish","type":"page","link":"https:\/\/waseda-bk.org\/vn\/?page_id=19","title":{"rendered":"K\u00fd t\u00fac sinh vi\u00ean"},"content":{"rendered":"<h2><strong>K\u00fd t\u00fac sinh vi\u00ean<\/strong><br \/>\n\uff5e<strong>K\u00fd t\u00fac nam\u30fbn\u1eef sinh t\u1ea1i tr\u01b0\u1eddng v\u00e0 k\u00fd t\u00fac li\u00ean k\u1ebft v\u1edbi tr\u01b0\u1eddng \u0111\u00e1ng tin c\u1eady<\/strong>\uff5e<\/h2>\n<p>Ngo\u00e0i k\u00ed t\u00fac nam<strong>\u30fb<\/strong>n\u1eef sinh do tr\u01b0\u1eddng tr\u1ef1c ti\u1ebfp qu\u1ea3n l\u00ed c\u00f2n c\u00f3 nhi\u1ec1u khu k\u00fd t\u00fac \u0111\u00e1ng tin c\u1eady li\u00ean k\u1ebft v\u1edbi tr\u01b0\u1eddng.<br \/>\nK\u00ed t\u00fac li\u00ean k\u1ebft n\u1eb1m c\u00e1ch tr\u01b0\u1eddng 10 \u0111\u1ebfn 20 ph\u00fat \u0111i b\u1ed9, ho\u1eb7c kho\u1ea3ng 5 \u0111\u1ebfn 15 ph\u00fat \u0111i xe \u0111\u1ea1p.<br \/>\nV\u1edbi k\u00ed t\u00fac li\u00ean k\u1ebft v\u1edbi tr\u01b0\u1eddng, n\u1ebfu c\u00f3 nguy\u1ec7n v\u1ecdng b\u1ea1n n\u00e0o c\u0169ng c\u00f3 th\u1ec3 v\u00e0o s\u1ed1ng.<\/p>\n<p>(H\u00ecnh \u1ea3nh ki\u1ebfn t\u00fac\uff09<\/p>\n<p><a href=\"http:\/\/waseda-bk.org\/vn\/wp-content\/uploads\/2014\/04\/wb07-a01-e1407100904723.jpg\"><img decoding=\"async\" loading=\"lazy\" class=\"alignleft wp-image-622 size-full\" src=\"http:\/\/waseda-bk.org\/vn\/wp-content\/uploads\/2014\/04\/wb07-a01-e1407100904723.jpg\" alt=\"wb07-a01\" width=\"150\" height=\"226\" \/><\/a><a href=\"http:\/\/waseda-bk.org\/vn\/wp-content\/uploads\/2014\/04\/wb07-b01.jpg\"><img decoding=\"async\" loading=\"lazy\" class=\"alignleft wp-image-623 size-full\" src=\"http:\/\/waseda-bk.org\/vn\/wp-content\/uploads\/2014\/04\/wb07-b01.jpg\" alt=\"wb07-b01\" width=\"140\" height=\"250\" \/><\/a><\/p>\n<p><a href=\"http:\/\/waseda-bk.org\/vn\/wp-content\/uploads\/2014\/04\/bd0771ff5c7e438fa2be90cef4bc19ff.jpg\"><img decoding=\"async\" loading=\"lazy\" class=\"alignleft wp-image-78 size-thumbnail\" src=\"http:\/\/waseda-bk.org\/vn\/wp-content\/uploads\/2014\/04\/bd0771ff5c7e438fa2be90cef4bc19ff-150x150.jpg\" alt=\"7-\uff12\" width=\"150\" height=\"150\" srcset=\"https:\/\/waseda-bk.org\/vn\/wp-content\/uploads\/2014\/04\/bd0771ff5c7e438fa2be90cef4bc19ff-150x150.jpg 150w, https:\/\/waseda-bk.org\/vn\/wp-content\/uploads\/2014\/04\/bd0771ff5c7e438fa2be90cef4bc19ff-200x200.jpg 200w\" sizes=\"(max-width: 150px) 100vw, 150px\" \/><\/a><\/p>\n<p><a href=\"http:\/\/waseda-bk.org\/vn\/wp-content\/uploads\/2014\/04\/wb07-b03.jpg\"><img decoding=\"async\" loading=\"lazy\" class=\"alignleft wp-image-625 size-full\" src=\"http:\/\/waseda-bk.org\/vn\/wp-content\/uploads\/2014\/04\/wb07-b03.jpg\" alt=\"wb07-b03\" width=\"140\" height=\"250\" \/><\/a><a href=\"http:\/\/waseda-bk.org\/vn\/wp-content\/uploads\/2014\/04\/wb07-b02.jpg\"><img decoding=\"async\" loading=\"lazy\" class=\"alignleft wp-image-624 size-full\" src=\"http:\/\/waseda-bk.org\/vn\/wp-content\/uploads\/2014\/04\/wb07-b02.jpg\" alt=\"wb07-b02\" width=\"140\" height=\"250\" \/><\/a><a href=\"http:\/\/waseda-bk.org\/vn\/wp-content\/uploads\/2014\/04\/wb07-b06-e1407101158403.jpg\"><img decoding=\"async\" loading=\"lazy\" class=\"alignleft wp-image-620 size-full\" src=\"http:\/\/waseda-bk.org\/vn\/wp-content\/uploads\/2014\/04\/wb07-b06-e1407101158403.jpg\" alt=\"SONY DSC\" width=\"225\" height=\"150\" \/><\/a><a href=\"http:\/\/waseda-bk.org\/vn\/wp-content\/uploads\/2014\/04\/wb07-b04-e1407101275175.jpg\"><img decoding=\"async\" loading=\"lazy\" class=\"alignleft wp-image-618 size-full\" src=\"http:\/\/waseda-bk.org\/vn\/wp-content\/uploads\/2014\/04\/wb07-b04-e1407101275175.jpg\" alt=\"wb07-b04\" width=\"200\" height=\"150\" \/><\/a><a href=\"http:\/\/waseda-bk.org\/vn\/wp-content\/uploads\/2014\/04\/wb07-b08.jpg\"><img decoding=\"async\" loading=\"lazy\" class=\"alignleft wp-image-621 size-full\" src=\"http:\/\/waseda-bk.org\/vn\/wp-content\/uploads\/2014\/04\/wb07-b08.jpg\" alt=\"wb07-b08\" width=\"140\" height=\"250\" \/><\/a><a href=\"http:\/\/waseda-bk.org\/vn\/wp-content\/uploads\/2014\/04\/wb07-b05-e1407101198271.jpg\"><img decoding=\"async\" loading=\"lazy\" class=\"alignleft wp-image-619 size-full\" src=\"http:\/\/waseda-bk.org\/vn\/wp-content\/uploads\/2014\/04\/wb07-b05-e1407101198271.jpg\" alt=\"SONY DSC\" width=\"225\" height=\"150\" \/><br \/>\n<\/a><\/p>\n","protected":false},"excerpt":{"rendered":"<p>K\u00fd t\u00fac sinh vi\u00ean \uff5eK\u00fd t\u00fac nam\u30fbn\u1eef sinh t\u1ea1i tr\u01b0\u1eddng v\u00e0 k\u00fd t\u00fac li\u00ean k\u1ebft v\u1edbi tr\u01b0\u1eddng \u0111\u00e1ng tin c\u1eady\uff5e Ngo\u00e0i k\u00ed t\u00fac nam\u30fbn [&hellip;]<\/p>\n","protected":false},"author":1,"featured_media":0,"parent":0,"menu_order":8,"comment_status":"closed","ping_status":"closed","template":"","meta":{"vkexunit_cta_each_option":""},"_links":{"self":[{"href":"https:\/\/waseda-bk.org\/vn\/index.php?rest_route=\/wp\/v2\/pages\/19"}],"collection":[{"href":"https:\/\/waseda-bk.org\/vn\/index.php?rest_route=\/wp\/v2\/pages"}],"about":[{"href":"https:\/\/waseda-bk.org\/vn\/index.php?rest_route=\/wp\/v2\/types\/page"}],"author":[{"embeddable":true,"href":"https:\/\/waseda-bk.org\/vn\/index.php?rest_route=\/wp\/v2\/users\/1"}],"replies":[{"embeddable":true,"href":"https:\/\/waseda-bk.org\/vn\/index.php?rest_route=%2Fwp%2Fv2%2Fcomments&post=19"}],"version-history":[{"count":6,"href":"https:\/\/waseda-bk.org\/vn\/index.php?rest_route=\/wp\/v2\/pages\/19\/revisions"}],"predecessor-version":[{"id":963,"href":"https:\/\/waseda-bk.org\/vn\/index.php?rest_route=\/wp\/v2\/pages\/19\/revisions\/963"}],"wp:attachment":[{"href":"https:\/\/waseda-bk.org\/vn\/index.php?rest_route=%2Fwp%2Fv2%2Fmedia&parent=19"}],"curies":[{"name":"wp","href":"https:\/\/api.w.org\/{rel}","templated":true}]}}