{"id":17,"date":"2014-04-25T14:44:11","date_gmt":"2014-04-25T05:44:11","guid":{"rendered":"http:\/\/waseda-bk.org\/jp\/?page_id=17"},"modified":"2020-06-29T22:04:55","modified_gmt":"2020-06-29T13:04:55","slug":"%ef%bc%96%ef%bc%8e%e9%80%b2%e8%b7%af%e6%8c%87%e5%b0%8e","status":"publish","type":"page","link":"https:\/\/waseda-bk.org\/vn\/?page_id=17","title":{"rendered":"Th\u00e0nh t\u00edch h\u1ecdc l\u00ean"},"content":{"rendered":"<h2><strong>H\u01b0\u1edbng d\u1eabn tham v\u1ea5n v\u00e0 th\u00e0nh t\u00edch th\u1ef1c t\u1ebf<\/strong><br \/>\n\uff5e<strong>Bu\u1ed5i thuy\u1ebft tr\u00ecnh \u0110\u1ea1i H\u1ecdc v\u00e0 g\u1eb7p g\u1ee1 c\u00e1 nh\u00e2n<\/strong>\uff5e<\/h2>\n<p><a href=\"http:\/\/waseda-bk.org\/vn\/wp-content\/uploads\/2014\/04\/6-1-e1398487965337.jpg\"><img decoding=\"async\" loading=\"lazy\" class=\"alignright size-full wp-image-76\" src=\"http:\/\/waseda-bk.org\/vn\/wp-content\/uploads\/2014\/04\/6-1-e1398487965337.jpg\" alt=\"6-1\" width=\"200\" height=\"150\" \/><\/a><\/p>\n<p>Gi\u00e1o vi\u00ean c\u1ee7a tr\u01b0\u1eddng \u0111\u1ea1i h\u1ecdc n\u1ed5i ti\u1ebfng \u0111\u1ebfn tr\u01b0\u1eddng, t\u1ed5 ch\u1ee9c gi\u1edbi thi\u1ec7u v\u1ec1 tr\u01b0\u1eddng t\u1ea1i Waseda bunkakan. T\u1ed5 ch\u1ee9c trao \u0111\u1ed5i \u0111\u1ecbnh h\u01b0\u1edbng nh\u01b0 \u0111i h\u1ecdc ti\u1ebfp hay \u0111i xin vi\u1ec7c,d\u1ef1a theo nguy\u1ec7n v\u1ecdng c\u1ee7a c\u00e1c b\u1ea1n.Trao \u0111\u1ed5i c\u00e1 nh\u00e2n v\u1edbi gi\u00e1o vi\u00ean chuy\u00ean m\u00f4n,c\u00f3 c\u01a1 h\u1ed9i nh\u1eadn \u0111\u01b0\u1ee3c s\u1ef1 ch\u1ec9 \u0111\u1ea1o t\u1eadn t\u00ecnh.<br \/>\nN\u1ebfu h\u1eb9n tr\u01b0\u1edbc b\u1ea1n n\u00e0o c\u0169ng c\u00f3 th\u1ebb \u0111\u1ebfn trao \u0111\u1ed5i.<\/p>\n<h3><a href=\"http:\/\/waseda-bk.org\/vn\/wp-content\/uploads\/2014\/04\/singaku-e1398796795770.jpg\"><img decoding=\"async\" loading=\"lazy\" class=\"alignright wp-image-489 size-full\" src=\"http:\/\/waseda-bk.org\/vn\/wp-content\/uploads\/2014\/04\/singaku-e1398796795770.jpg\" alt=\"singaku\" width=\"200\" height=\"150\" \/><\/a>Tr\u01b0\u1eddng \u0111\u1ea1i h\u1ecdc t\u1ed5 ch\u1ee9c gi\u1edbi thi\u1ec7u t\u1ea1i Waseda bunkakan<\/h3>\n<p>\uff08Gi\u00e1o vi\u00ean c\u1ee7a tr\u01b0\u1eddng \u0111\u1ea1i h\u1ecdc n\u1ed5i ti\u1ebfng \u0111\u1ebfn tr\u01b0\u1eddng t\u1ed5 ch\u1ee9c gi\u1edbi thi\u1ec7u\uff09<\/p>\n<p>Waseda University, Chuo University, Aoyama Gakuin University, Senshu University, Tokai University, Asia University, Kokugakuin University, University of Electro-Communications, Reitaku University\u00a0(Th\u00f4ng tin 1 n\u0103m tr\u01b0\u1edbc).<\/p>\n<h4>Th\u00e0nh t\u00edch th\u1ef1c t\u1ebf c\u1ee7a h\u1ecdc sinh t\u1ed1t nghi\u1ec7p<\/h4>\n<h3>Cao h\u1ecdc<\/h3>\n<p>Waseda University, Keio University, Sophia University, Meiji University, Chuo University, Hosei University, Seijo University, Gakushuin University, Nihon University, Tama Art University, Tokyo Denki University, Tokyo Zokei University, Musashino University, Bunkyo University, Tama University, Josai University, Josai International University, Kyorin University, Daito Bunka University, Bunka Gakuen University, University of the Sacred Heart, Musashino Academia Musicae, Mejiro University, Ashikaga Institute of Technology, Tokyo University of Social Welfare, Reitaku University, Kansai University, Kyoto Saga University of Arts.<\/p>\n<p>\u65e9\u7a32\u7530\u5927\u5b66\u3001\u6176\u5fdc\u5927\u5b66\u3001\u4e0a\u667a\u5927\u5b66\u3001\u660e\u6cbb\u5927\u5b66\u3001\u4e2d\u592e\u5927\u5b66\u3001\u6cd5\u653f\u5927\u5b66\u3001\u6210\u57ce\u5927\u5b66\u3001\u5b66\u7fd2\u9662\u5927\u5b66\u3001<a href=\"http:\/\/waseda-bk.org\/vn\/wp-content\/uploads\/2014\/04\/1970624_675927222470245_844545806_n-e1398636165294.jpg\"><img decoding=\"async\" loading=\"lazy\" class=\"alignright size-full wp-image-422\" src=\"http:\/\/waseda-bk.org\/vn\/wp-content\/uploads\/2014\/04\/1970624_675927222470245_844545806_n-e1398636165294.jpg\" alt=\"1970624_675927222470245_844545806_n\" width=\"150\" height=\"200\" \/><\/a><br \/>\n\u65e5\u672c\u5927\u5b66\u3001\u591a\u6469\u7f8e\u8853\u5927\u5b66\u3001\u6771\u4eac\u96fb\u6a5f\u5927\u5b66\u3001\u6771\u4eac\u9020\u5f62\u5927\u5b66\u3001\u6b66\u8535\u91ce\u5927\u5b66\u3001\u6587\u6559\u5927\u5b66\u3001\u591a\u6469\u5927\u5b66\u3001\u57ce\u897f\u5927\u5b66\u3001\u57ce\u897f\u56fd\u969b\u5927\u5b66\u3001\u674f\u6797\u5927\u5b66\u3001\u5927\u6771\u6587\u5316\u5927\u5b66\u3001\u6587\u5316\u5b66\u5712\u5927\u5b66\u3001\u8056\u5fc3\u5973\u5b50\u5927\u5b66\u3001\u6b66\u8535\u91ce\u97f3\u697d\u5927\u5b66\u3001\u76ee\u767d\u5927\u5b66\u3001\u8db3\u5229\u5de5\u696d\u5927\u5b66\u3001\u6771\u4eac\u798f\u7949\u5927\u5b66\u3001\u9e97\u6fa4\u5927\u5b66\u3001\u95a2\u897f\u5927\u5b66\u3001\u4eac\u90fd\u5d6f\u5ce8\u82b8\u8853\u5927\u5b66<\/p>\n<p>Tokyo University, Hokkaido University, Nagoya University, University of Tsukuba, Saitama University, Yokohama National University, Kobe University, Tokyo University of the Arts, Ochanomizu University, Tokyo Metropolitan University, Tokyo Medical and Dental University, Kanazawa University, Takasaki City University of Economics, Wakayama University.<\/p>\n<p>\u6771\u4eac\u5927\u5b66\u3001\u5317\u6d77\u9053\u5927\u5b66\u3001\u540d\u53e4\u5c4b\u5927\u5b66\u3001\u7b51\u6ce2\u5927\u5b66\u3001\u57fc\u7389\u5927\u5b66\u3001\u6a2a\u6d5c\u56fd\u7acb\u5927\u5b66\u3001\u795e\u6238\u5927\u5b66\u3001\u6771\u4eac\u82b8\u8853\u5927\u5b66\u3001\u304a\u8336\u306e\u6c34\u5973\u5b50\u5927\u5b66\u3001\u9996\u90fd\u5927\u5b66\u6771\u4eac\u3001\u6771\u4eac\u533b\u79d1\u6b6f\u79d1\u5927\u5b66\u3001\u91d1\u6ca2\u5927\u5b66\u3001\u9ad8\u5d0e\u7d4c\u6e08\u5927\u5b66\u3001\u548c\u6b4c\u5c71\u5927\u5b66<\/p>\n<h3>\u0110\u1ea1i h\u1ecdc<\/h3>\n<p>Waseda University, Sophia University, Meiji University, Meiji Gakuin University, Chuo University, Hosei University, Aoyama Gakuin University, Gakushuin University, Nihon University, \u00a0Toyo University, Tokai University, Tama Art University, Tokyo Polytechnic University, Tokyo City University, Tokyo International University, Kokushikan University, Oberlin University, \u00a0Takushoku University, Asia University, Bunkyo Gakuin University, Takachiho University, Shobi University, Digital Hollywood University, Chuo Gakuin University, Kanagawa University, Josai International University, Josai Junior Base College, Keiai University, Chiba University of Commerce, Kaetsu University,\u00a0 Bunka Gakuen University, Tokyo University of Social Welfare, Reitaku University, Meikai University, Yomiuri Jidousha University, Ritsumeikan University, Kansai University, Kansai Gakuin University, Osaka Sangyo University, Yamaguchi University of Human Welfare and Culture, Yamagata University, Kochi University, Kanazawa University<\/p>\n<p><span style=\"color: #000000;\">\u65e9\u7a32\u7530\u5927\u5b66\u3001\u4e0a\u667a\u5927\u5b66\u3001\u660e\u6cbb\u5927\u5b66\u3001\u660e\u6cbb\u5b66\u9662\u5927\u5b66\u3001\u4e2d\u592e\u5927\u5b66\u3001\u6cd5\u653f\u5927\u5b66\u3001\u9752\u5c71\u5b66\u9662\u5927\u5b66\u3001\u5b66\u7fd2\u9662\u5927\u5b66\u3001\u65e5\u672c\u5927\u5b66\u3001\u6771\u6d0b\u5927\u5b66\u3001\u6771\u6d77\u5927\u5b66\u3001\u591a\u6469\u7f8e\u8853\u5927\u5b66\u3001\u6771\u4eac\u5de5\u82b8\u5927\u5b66\u3001\u6771\u4eac\u90fd\u5e02\u5927\u5b66\u3001\u6771\u4eac\u56fd\u969b\u5927\u5b66\u3001\u56fd\u58eb\u8218\u5927\u5b66\u3001\u685c\u7f8e\u6797\u5927\u5b66\u3001\u62d3\u6b96\u5927\u5b66\u3001\u4e9c\u7d30\u4e9c\u5927\u5b66\u3001\u6587\u6559\u5b66\u9662\u5927\u5b66\u3001\u9ad8\u5343\u7a42\u5927\u5b66\u3001\u5c1a\u7f8e\u5b66\u5712\u5927\u5b66\u3001\u30c7\u30b8\u30bf\u30eb\u30cf\u30ea\u30a6\u30c3\u30c9\u5927\u5b66\u3001\u4e2d\u592e\u5b66\u9662\u5927\u5b66\u3001\u795e\u5948\u5ddd\u5927\u5b66\u3001\u57ce\u897f\u56fd\u969b\u5927\u5b66\u3001\u57ce\u897f\u77ed\u671f\u5927\u5b66\u3001\u656c\u611b\u5927\u5b66\u3001\u5343\u8449\u5546\u79d1\u5927\u5b66\u3001\u5609\u60a6\u5927\u5b66\u3001\u6587\u5316\u5b66\u5712\u5927\u5b66\u3001\u6771\u4eac\u798f\u7949\u5927\u5b66\u3001\u9e97\u6fa4\u5927\u5b66\u3001\u660e\u6d77\u5927\u5b66\u3001\u6771\u4eac\u5de5\u82b8\u5927\u5b66\u3001\u8aad\u58f2\u81ea\u52d5\u8eca\u5927\u5b66\u6821\u3001<br \/>\n\u7acb\u547d\u9928\u5927\u5b66\u3001\u95a2\u897f\u5927\u5b66\u3001\u95a2\u897f\u5b66\u9662\u5927\u5b66\u3001\u5927\u962a\u7523\u696d\u5927\u5b66\u3001\u5c71\u53e3\u798f\u7949\u6587\u5316\u5927\u5b66\u3001<br \/>\n\u5c71\u5f62\u5927\u5b66\u3001\u9ad8\u77e5\u5927\u5b66\u3001\u91d1\u6ca2\u5927\u5b66<\/span><\/p>\n<h3>Tr\u01b0\u1eddng chuy\u00ean m\u00f4n<\/h3>\n<p>Tokyo Visual Arts, Tokyo Designer Gakuin, HAL Tokyo, Tokyo Communication Art College, Tokyo School of Anime,\u00a0 Tokyo Multimedia College, Toho Gakuen, Muse Academy of Music, Tokyo Mode Gakuen, ESMOD Japon, Yoneyama Fashion Business College, Hiko Mizuno College of Jewelry .<\/p>\n<p>\u6771\u4eac\u30d3\u30b8\u30e5\u30a2\u30eb\u30a2\u30fc\u30c4\u3001\u6771\u4eac\u30c7\u30b6\u30a4\u30ca\u30fc\u5b66\u9662\u3001\uff28\uff21\uff2c\u6771\u4eac\u3001\u6771\u4eac\u30b3\u30df\u30e5\u30cb\u30b1\u30fc\u30b7\u30e7\u30f3\u30a2\u30fc\u30c8\u5c02\u9580\u5b66\u6821\u3001\u6771\u4eac\u30a2\u30cb\u30e1\u30fb\u58f0\u512a\u5c02\u9580\u5b66\u6821\u3001\u6771\u4eac\u30de\u30eb\u30c1\u30e1\u30c7\u30a3\u30a2\u5c02\u9580\u5b66\u6821\u3001\u6771\u653e\u5b66\u5712\u6620\u753b\u5c02\u9580\u5b66\u6821\u3001\u30df\u30e5\u30fc\u30ba\u30e2\u30fc\u30c9\u97f3\u697d\u9662\u3001\u6771\u4eac\u30e2\u30fc\u30c9\u5b66\u5712\u3001\u30a8\u30b9\u30e2\u30fc\u30c9\u30b8\u30e3\u30dd\u30f3\u6771\u4eac\u6821\u3001\u7c73\u5c71\u30d5\u30a1\u30c3\u30b7\u30e7\u30f3\u30d3\u30b8\u30cd\u30b9\u5c02\u9580\u5b66\u6821\u3001\u5c02\u9580\u5b66\u6821\u30d2\u30b3\u30fb\u307f\u3065\u306e\u30b8\u30e5\u30a8\u30ea\u30fc\u30ab\u30ec\u30c3\u30b8\u3001<\/p>\n<p>Tokyo Foreign Language College, Gregg International College, Tokyo English Specialists College, CAD,\u00a0 Chiba Nikken Institute of Technology, Nihon Kogakuin College, Japan Electronics College, Tokyo Shoka\/Hoka College, Nakano School of Business, Oji Accounting College, Tokyo School of Business, Tokyo Institute of Tourism, Tokyo Business and Language College, Oda Cooking College, Tokyo Seika School , Ecole de Patisserie et de Cuisine Kokusai, Tokyo Welfare Childcare College, Civil servant\u30fbChild care \u30fbNursing \u30fbBusiness College, Japan Medical Business College, Japan Health Medical College, Matsuyama Welfare College .<\/p>\n<p>\u6771\u4eac\u5916\u8a9e\u5c02\u9580\u5b66\u6821\u3001\u30b0\u30ec\u30c3\u30b0\u5916\u8a9e\u5c02\u9580\u5b66\u6821\u3001\uff34\uff25\uff33\u6771\u4eac\u82f1\u8a9e\u5c02\u9580\u5b66\u6821\u3001\uff23\uff21\uff24\u88fd\u56f3\u5c02\u9580\u5b66\u6821\u3001\u5343\u8449\u65e5\u5efa\u5de5\u79d1\u5c02\u9580\u5b66\u6821\u3001\u65e5\u672c\u5de5\u5b66\u9662\u5c02\u9580\u5b66\u6821\u3001\u65e5\u672c\u96fb\u5b50\u5c02\u9580\u5b66\u6821\u3001\u6771\u4eac\u5546\u79d1\u30fb\u6cd5\u79d1\u5c02\u9580\u5b66\u6821\u3001\u4e2d\u91ce\u30b9\u30af\u30fc\u30eb\u30aa\u30d6\u30d3\u30b8\u30cd\u30b9\u3001\u738b\u5b50\u7d4c\u7406\u5c02\u9580\u5b66\u6821\u3001\u56fd\u969b\u96fb\u5b50\u4f1a\u8a08\u5c02\u9580\u5b66\u6821\u3001\u6771\u4eac\u30b9\u30af\u30fc\u30eb\u30aa\u30d6\u30d3\u30b8\u30cd\u30b9\u5c02\u9580\u5b66\u6821\u3001\u6771\u4eac\u89b3\u5149\u5c02\u9580\u5b66\u6821\u3001\u6771\u4eac\u30d3\u30b8\u30cd\u30b9\u5916\u8a9e\u30ab\u30ec\u30c3\u30b8\u3001\u7e54\u7530\u8abf\u7406\u5e2b\u5c02\u9580\u5b66\u6821\u3001\u6771\u4eac\u88fd\u83d3\u5b66\u6821\u3001\u56fd\u969b\u88fd\u83d3\u5c02\u9580\u5b66\u6821\u3001\u6771\u4eac\u798f\u7949\u4fdd\u80b2\u5c02\u9580\u5b66\u6821\u3001\u516c\u52d9\u54e1\u30fb\u4fdd\u80b2\u30fb\u4ecb\u8b77\u30fb\u30d3\u30b8\u30cd\u30b9\u5c02\u9580\u5b66\u6821\u3001\u65e5\u672c\u533b\u7642\u30d3\u30b8\u30cd\u30b9\u5c02\u9580\u5b66\u6821\u3001\u65e5\u672c\u5065\u5eb7\u533b\u7642\u5c02\u9580\u5b66\u6821\u3001\u677e\u5c71\u798f\u7949\u5c02\u9580\u5b66\u6821<\/p>\n","protected":false},"excerpt":{"rendered":"<p>H\u01b0\u1edbng d\u1eabn tham v\u1ea5n v\u00e0 th\u00e0nh t\u00edch th\u1ef1c t\u1ebf \uff5eBu\u1ed5i thuy\u1ebft tr\u00ecnh \u0110\u1ea1i H\u1ecdc v\u00e0 g\u1eb7p g\u1ee1 c\u00e1 nh\u00e2n\uff5e Gi\u00e1o vi\u00ean c\u1ee7a tr\u01b0\u1eddng \u0111\u1ea1 [&hellip;]<\/p>\n","protected":false},"author":1,"featured_media":0,"parent":0,"menu_order":7,"comment_status":"closed","ping_status":"closed","template":"","meta":{"vkexunit_cta_each_option":""},"_links":{"self":[{"href":"https:\/\/waseda-bk.org\/vn\/index.php?rest_route=\/wp\/v2\/pages\/17"}],"collection":[{"href":"https:\/\/waseda-bk.org\/vn\/index.php?rest_route=\/wp\/v2\/pages"}],"about":[{"href":"https:\/\/waseda-bk.org\/vn\/index.php?rest_route=\/wp\/v2\/types\/page"}],"author":[{"embeddable":true,"href":"https:\/\/waseda-bk.org\/vn\/index.php?rest_route=\/wp\/v2\/users\/1"}],"replies":[{"embeddable":true,"href":"https:\/\/waseda-bk.org\/vn\/index.php?rest_route=%2Fwp%2Fv2%2Fcomments&post=17"}],"version-history":[{"count":7,"href":"https:\/\/waseda-bk.org\/vn\/index.php?rest_route=\/wp\/v2\/pages\/17\/revisions"}],"predecessor-version":[{"id":964,"href":"https:\/\/waseda-bk.org\/vn\/index.php?rest_route=\/wp\/v2\/pages\/17\/revisions\/964"}],"wp:attachment":[{"href":"https:\/\/waseda-bk.org\/vn\/index.php?rest_route=%2Fwp%2Fv2%2Fmedia&parent=17"}],"curies":[{"name":"wp","href":"https:\/\/api.w.org\/{rel}","templated":true}]}}