{"id":15,"date":"2014-04-25T14:43:50","date_gmt":"2014-04-25T05:43:50","guid":{"rendered":"http:\/\/waseda-bk.org\/jp\/?page_id=15"},"modified":"2020-06-29T22:03:02","modified_gmt":"2020-06-29T13:03:02","slug":"%ef%bc%95%ef%bc%8e%e5%85%a5%e5%ad%a6%e6%89%8b%e7%b6%9a%e3%81%8d","status":"publish","type":"page","link":"https:\/\/waseda-bk.org\/vn\/?page_id=15","title":{"rendered":"Th\u1ee7 t\u1ee5c nh\u1eadp h\u1ecdc"},"content":{"rendered":"<h2><strong>Qu\u00e1 tr\u00ecnh \u0111\u1ebfn nh\u1eadp h\u1ecdc<\/strong><br \/>\n\uff5e<strong>B\u01b0\u1edbc th\u1ee9 nh\u1ea5t khi \u0111\u1ebfn v\u1edbi waseda bunkakan<\/strong>\uff5e<\/h2>\n<p>\u203bTr\u01b0\u1eddng h\u1ee3p visa du h\u1ecdc, th\u1eddi gian c\u00f3 th\u1ec3 theo h\u1ecdc t\u1ea1i tr\u01b0\u1eddng ti\u1ebfng Nh\u1eadt d\u00e0i nh\u1ea5t l\u00e0 2 n\u0103m.<br \/>\n\u203bH\u00e3y tham gia c\u00e1c bu\u1ed5i t\u01b0 v\u1ea5n du h\u1ecdc t\u1ea1i qu\u1ed1c gia.<\/p>\n<table style=\"height: 450px;\" width=\"713\">\n<tbody>\n<tr>\n<td width=\"189\">Tr\u01b0\u1edbc khi nh\u1eadp h\u1ecdc 6 th\u00e1ng<\/td>\n<td width=\"508\">Chu\u1ea9n b\u1ecb h\u1ed3 s\u01a1 du h\u1ecdc<br \/>\n\u203bT\u00e0i li\u1ec7u c\u1ea7n thi\u1ebft khi xin du h\u1ecdc tu\u1ef3 qu\u1ed1c gia v\u00e0 t\u01b0 c\u00e1ch visa c\u00f3 s\u1ef1 kh\u00e1c bi\u1ec7t.<br \/>\n\u2193<br \/>\nChi ti\u1ebft c\u1ee5 th\u1ec3 xin li\u00ean l\u1ea1c \u0111\u1ebfn tr\u01b0\u1eddng.<br \/>\n\u2193<br \/>\nS\u00e0ng l\u1ecdc h\u1ed3 s\u01a1<br \/>\n\u2193<br \/>\nN\u1ed9p \u0111\u01a1n xin\u2193<\/td>\n<\/tr>\n<tr>\n<td width=\"189\">Tr\u01b0\u1edbc khi nh\u1eadp h\u1ecdc 5 th\u00e1ng<\/td>\n<td width=\"508\">\u00a0N\u1ed9p \u0111\u01a1n xin l\u00ean c\u1ee5c xu\u1ea5t nh\u1eadp c\u1ea3nh<br \/>\n\u2193<\/td>\n<\/tr>\n<tr>\n<td width=\"189\">Tr\u01b0\u1edbc khi nh\u1eadp h\u1ecdc 2 th\u00e1ng<\/td>\n<td width=\"508\">\u00a0C\u1ea5p gi\u1ea5y ch\u1ee9ng nh\u1eadn t\u01b0 c\u00e1ch l\u01b0u tr\u00fa<br \/>\n\u2193<\/td>\n<\/tr>\n<tr>\n<td width=\"189\">Tr\u01b0\u1edbc khi nh\u1eadp h\u1ecdc 1 th\u00e1ng<\/td>\n<td width=\"508\">\u00a0Thu ti\u1ec1n nh\u1eadp h\u1ecdc,h\u1ecdc ph\u00ed<br \/>\n\u2193<br \/>\nTh\u1ec9nh c\u1ea7u Visa (T\u1ea1i \u0110\u1ea1i s\u1ee9 qu\u00e1n ho\u1eb7c l\u00e3nh s\u1ef1 qu\u00e1n s\u1edf t\u1ea1i)<br \/>\nTh\u1ee7 t\u1ee5c \u0111\u0103ng k\u00ed k\u00fd t\u00fac (\u203b Ch\u1ec9 ng\u01b0\u1eddi c\u00f3 nguy\u1ec7n v\u1ecdng)<br \/>\n\u2193<\/td>\n<\/tr>\n<tr>\n<td width=\"189\"><\/td>\n<td width=\"508\">\u0110\u1ebfn Nh\u1eadt<br \/>\nL\u1ec5 nh\u1eadp h\u1ecdc<\/td>\n<\/tr>\n<\/tbody>\n<\/table>\n","protected":false},"excerpt":{"rendered":"<p>Qu\u00e1 tr\u00ecnh \u0111\u1ebfn nh\u1eadp h\u1ecdc \uff5eB\u01b0\u1edbc th\u1ee9 nh\u1ea5t khi \u0111\u1ebfn v\u1edbi waseda bunkakan\uff5e \u203bTr\u01b0\u1eddng h\u1ee3p visa du h\u1ecdc, th\u1eddi gian c\u00f3 th\u1ec3 t [&hellip;]<\/p>\n","protected":false},"author":1,"featured_media":0,"parent":0,"menu_order":9,"comment_status":"closed","ping_status":"closed","template":"","meta":{"vkexunit_cta_each_option":""},"_links":{"self":[{"href":"https:\/\/waseda-bk.org\/vn\/index.php?rest_route=\/wp\/v2\/pages\/15"}],"collection":[{"href":"https:\/\/waseda-bk.org\/vn\/index.php?rest_route=\/wp\/v2\/pages"}],"about":[{"href":"https:\/\/waseda-bk.org\/vn\/index.php?rest_route=\/wp\/v2\/types\/page"}],"author":[{"embeddable":true,"href":"https:\/\/waseda-bk.org\/vn\/index.php?rest_route=\/wp\/v2\/users\/1"}],"replies":[{"embeddable":true,"href":"https:\/\/waseda-bk.org\/vn\/index.php?rest_route=%2Fwp%2Fv2%2Fcomments&post=15"}],"version-history":[{"count":5,"href":"https:\/\/waseda-bk.org\/vn\/index.php?rest_route=\/wp\/v2\/pages\/15\/revisions"}],"predecessor-version":[{"id":960,"href":"https:\/\/waseda-bk.org\/vn\/index.php?rest_route=\/wp\/v2\/pages\/15\/revisions\/960"}],"wp:attachment":[{"href":"https:\/\/waseda-bk.org\/vn\/index.php?rest_route=%2Fwp%2Fv2%2Fmedia&parent=15"}],"curies":[{"name":"wp","href":"https:\/\/api.w.org\/{rel}","templated":true}]}}