{"id":13,"date":"2014-04-25T14:43:17","date_gmt":"2014-04-25T05:43:17","guid":{"rendered":"http:\/\/waseda-bk.org\/jp\/?page_id=13"},"modified":"2020-06-29T22:01:07","modified_gmt":"2020-06-29T13:01:07","slug":"%ef%bc%94%ef%bc%8e%e5%ad%a6%e6%a0%a1%e7%94%9f%e6%b4%bb","status":"publish","type":"page","link":"https:\/\/waseda-bk.org\/vn\/?page_id=13","title":{"rendered":"Sinh ho\u1ea1t tr\u01b0\u1eddng l\u1edbp"},"content":{"rendered":"<h2>Sinh ho\u1ea1t tr\u01b0\u1eddng l\u1edbp,th\u1eddi kho\u00e1 bi\u1ec3u c\u1ea3 n\u0103m<br \/>\n\uff5eSinh ho\u1ea1t tr\u01b0\u1eddng l\u1edbp \u0111\u1ea7y \u0111\u1ee7 t\u1eeb nh\u1eadp h\u1ecdc \u0111\u1ebfn khi t\u1ed1t nghi\u1ec7p\uff5e<\/h2>\n<table class=\" alignleft\" style=\"width: 72.61%; height: 928px;\" width=\"824\">\n<tbody>\n<tr>\n<td style=\"text-align: center;\"><strong>\u00a0Th\u00e1ng 4<\/strong><\/td>\n<td style=\"text-align: center;\">L\u1ec5 nh\u1eadp h\u1ecdc c\u1ee7a kho\u00e1 th\u00e1ng 4<br \/>\nC\u00f9ng giao l\u01b0u v\u1edbi ng\u01b0\u1eddi Nh\u1eadt<\/td>\n<\/tr>\n<tr>\n<td style=\"text-align: center;\"><strong>\u00a0<strong>Th\u00e1ng 5<\/strong><\/strong><\/td>\n<td style=\"text-align: center;\">\u00a0Du l\u1ecbch v\u1ec1 trong ng\u00e0y<\/td>\n<\/tr>\n<tr>\n<td style=\"text-align: center;\"><strong><strong>Th\u00e1ng 6<\/strong><\/strong><\/td>\n<td style=\"text-align: center;\">\u00a0\u00a0K\u00ec thi Ryugaku (EJU) l\u1ea7n 1<\/td>\n<\/tr>\n<tr>\n<td style=\"text-align: center;\"><strong>\u00a0<strong>Th\u00e1ng 7<\/strong><\/strong><\/td>\n<td style=\"text-align: center;\">L\u1ec5 nh\u1eadp h\u1ecdc kho\u00e1 th\u00e1ng 7<br \/>\nKho\u00e1 h\u1ecdc m\u00f9a h\u00e8<br \/>\nK\u00ec thi n\u0103ng l\u1ef1c ti\u1ebfng Nh\u1eadt(JLPT) l\u1ea7n 1<\/td>\n<\/tr>\n<tr>\n<td style=\"text-align: center;\"><strong>\u00a0<strong>Th\u00e1ng 8<\/strong><\/strong><\/td>\n<td style=\"text-align: center;\">Ngh\u1ec9 h\u00e8<\/td>\n<\/tr>\n<tr>\n<td style=\"text-align: center;\"><strong>\u00a0<strong>Th\u00e1ng 9<\/strong><\/strong><\/td>\n<td style=\"text-align: center;\">C\u00f9ng giao l\u01b0u v\u1edbi ng\u01b0\u1eddi Nh\u1eadt<\/td>\n<\/tr>\n<tr>\n<td style=\"text-align: center;\"><strong>\u00a0<strong>Th\u00e1ng 10<\/strong><\/strong><\/td>\n<td style=\"text-align: center;\">L\u1ec5 nh\u1eadp h\u1ecdc kho\u00e1 th\u00e1ng 10<\/td>\n<\/tr>\n<tr>\n<td style=\"text-align: center;\"><strong>\u00a0<strong>Th\u00e1ng 11<\/strong><\/strong><\/td>\n<td style=\"text-align: center;\">K\u00ec thi Ryugaku (EJU) l\u1ea7n 2<br \/>\n\u0110\u1ea1i h\u1ed9i th\u1ec3 thao to\u00e0n tr\u01b0\u1eddng<\/td>\n<\/tr>\n<tr>\n<td style=\"text-align: center;\"><strong>\u00a0<strong>Th\u00e1ng 12<\/strong><\/strong><\/td>\n<td style=\"text-align: center;\">Ti\u1ec7c gi\u00e1ng sinh<br \/>\nK\u00ec thi n\u0103ng l\u1ef1c ti\u1ebfng Nh\u1eadt(JLPT) l\u1ea7n 2<\/td>\n<\/tr>\n<tr>\n<td style=\"text-align: center;\"><strong>\u00a0<strong>Th\u00e1ng 1<\/strong><\/strong><\/td>\n<td style=\"text-align: center;\">L\u1ec5 nh\u1eadp h\u1ecdc kho\u00e1 th\u00e1ng 1<\/td>\n<\/tr>\n<tr>\n<td style=\"text-align: center;\"><strong>\u00a0<strong>Th\u00e1ng 2<\/strong><\/strong><\/td>\n<td style=\"text-align: center;\">C\u00f9ng \u0111i xem v\u1eadt sumo<br \/>\nKho\u00e1 h\u1ecdc m\u00f9a \u0111\u00f4ng<\/td>\n<\/tr>\n<tr>\n<td style=\"text-align: center;\"><strong>\u00a0<strong>Th\u00e1ng 3<\/strong><\/strong><\/td>\n<td style=\"text-align: center;\">\u00a0L\u1ec5 t\u1ed1t nghi\u1ec7p<\/td>\n<\/tr>\n<\/tbody>\n<\/table>\n<hr \/>\n","protected":false},"excerpt":{"rendered":"<p>Sinh ho\u1ea1t tr\u01b0\u1eddng l\u1edbp,th\u1eddi kho\u00e1 bi\u1ec3u c\u1ea3 n\u0103m \uff5eSinh ho\u1ea1t tr\u01b0\u1eddng l\u1edbp \u0111\u1ea7y \u0111\u1ee7 t\u1eeb nh\u1eadp h\u1ecdc \u0111\u1ebfn khi t\u1ed1t nghi\u1ec7p\uff5e \u00a0Th\u00e1ng [&hellip;]<\/p>\n","protected":false},"author":1,"featured_media":0,"parent":0,"menu_order":6,"comment_status":"closed","ping_status":"closed","template":"","meta":{"vkexunit_cta_each_option":""},"_links":{"self":[{"href":"https:\/\/waseda-bk.org\/vn\/index.php?rest_route=\/wp\/v2\/pages\/13"}],"collection":[{"href":"https:\/\/waseda-bk.org\/vn\/index.php?rest_route=\/wp\/v2\/pages"}],"about":[{"href":"https:\/\/waseda-bk.org\/vn\/index.php?rest_route=\/wp\/v2\/types\/page"}],"author":[{"embeddable":true,"href":"https:\/\/waseda-bk.org\/vn\/index.php?rest_route=\/wp\/v2\/users\/1"}],"replies":[{"embeddable":true,"href":"https:\/\/waseda-bk.org\/vn\/index.php?rest_route=%2Fwp%2Fv2%2Fcomments&post=13"}],"version-history":[{"count":20,"href":"https:\/\/waseda-bk.org\/vn\/index.php?rest_route=\/wp\/v2\/pages\/13\/revisions"}],"predecessor-version":[{"id":959,"href":"https:\/\/waseda-bk.org\/vn\/index.php?rest_route=\/wp\/v2\/pages\/13\/revisions\/959"}],"wp:attachment":[{"href":"https:\/\/waseda-bk.org\/vn\/index.php?rest_route=%2Fwp%2Fv2%2Fmedia&parent=13"}],"curies":[{"name":"wp","href":"https:\/\/api.w.org\/{rel}","templated":true}]}}